{"id":109,"date":"2020-08-30T10:10:52","date_gmt":"2020-08-30T10:10:52","guid":{"rendered":"http:\/\/equinepensions.com\/?page_id=109"},"modified":"2024-09-30T12:56:31","modified_gmt":"2024-09-30T12:56:31","slug":"francais-2","status":"publish","type":"page","link":"https:\/\/equinepensions.com\/index.php\/francais-2\/","title":{"rendered":"FRANCAIS"},"content":{"rendered":"\n<h2 class=\"wp-block-heading\">CHEZ NOUS<\/h2>\n\n\n\n<p>Equine Pensions offre des pensions pour vos chevaux retrait\u00e9s et bless\u00e9s depuis 2009. Nous nous occupons de chevaux du monde entier, d&#8217;aussi loin que Duba\u00ef et Singapour.<\/p>\n\n\n\n<p>Chez nous, c est une ferme de retraite familiale o\u00f9 nous prenons soin des chevaux vieux et bless\u00e9s comme s&#8217;ils faisaient partie de notre famille. Nous avons plus de 70 hectares de prairies, de bois et de ruisseaux. De grands espaces ouverts pour que le cheval puisse profiter de sa vraie nature, vivre au sein d&#8217;un troupeau et se promener, choisir comment il passe son temps et avec qui il veut le passer.<\/p>\n\n\n\n<p>Cette approche \u00e9thologique est combin\u00e9e \u00e0 l&#8217;exp\u00e9rience, \u00e0 l&#8217;expertise et aux soins sp\u00e9cialis\u00e9s dont ont besoin les chevaux \u00e2g\u00e9s et bless\u00e9s. La physioth\u00e9rapie, le massage et un \u0153il exerc\u00e9 contribuent \u00e0 r\u00e9pondre aux besoins de chaque cheval et chaque cheval est trait\u00e9 comme un individu.<\/p>\n\n\n\n<p>Nous ne sommes pas une \u00e9curie traditionnelle. Nous avons de grands box a\u00e9r\u00e9s pour les chevaux qui en ont besoin et de petites granges sont disponibles pour de petits groupes de quatre chevaux maximum, mais la pr\u00e9f\u00e9rence est de laisser le cheval \u00eatre un cheval, \u00e0 l&#8217;ext\u00e9rieur 24\/7. Son bien-\u00eatre psychologique est fondamental et a un impact \u00e9norme sur son bien-\u00eatre physique.<\/p>\n\n\n\n<p>Il sera \u00e9videmment vermifug\u00e9 r\u00e9guli\u00e8rement et ses pieds seront soign\u00e9s, mais il ne sera pas bross\u00e9 tous les jours et sa crini\u00e8re deviendra un peu plus longue. Cela ne veut pas dire que nous ne nous en soucions pas, c&#8217;est plus une reconnaissance qu&#8217;il a pay\u00e9 sa dette et qu&#8217;il peut maintenant se d\u00e9tendre. Je peux garantir qu&#8217;il sera satisfait de son nouveau look.<\/p>\n\n\n\n<p>Ayant c\u00f4toy\u00e9 les chevaux toute ma vie, je suis toujours fascin\u00e9 par leurs interactions et j&#8217;apprends toujours d&#8217;eux chaque jour. Il n&#8217;est pas rare de me trouver dans un champ, entour\u00e9 d&#8217;un groupe de chevaux, tous exigeant une \u00e9gratignure ici ou un massage l\u00e0-bas. Comme chacun est un individu et que nous connaissons son histoire et son caract\u00e8re, il est facile de rep\u00e9rer quand quelque chose ne va pas et nous pouvons enqu\u00eater imm\u00e9diatement.<\/p>\n\n\n\n<p>Si vous envisagez de mettre votre cheval \u00e0 la retraite, s&#8217;il a une blessure ou des probl\u00e8mes de comportement, n&#8217;h\u00e9sitez pas \u00e0 nous contacter.<\/p>\n\n\n\n<h2 class=\"wp-block-heading\">TARIF<\/h2>\n\n\n\n<p>Tous nos prix incluent le foin ad-lib, les aliments pour animaux, le vermifuge r\u00e9gulier, la taille des sabots et la TVA.<\/p>\n\n\n\n<p>Remise de 5% pour les paiements semestriels<\/p>\n\n\n\n<p>Remise de 10% pour les paiements annuels<\/p>\n\n\n\n<figure class=\"wp-block-table\"><table><tbody><tr><td>Pension<\/td><td>Mensuel<\/td><td>6 mois<\/td><td>Annuel<\/td><\/tr><tr><td>Au pr\u00e9<\/td><td>\u20ac 170<\/td><td>\u20ac 969<\/td><td>\u20ac1836<\/td><\/tr><tr><td>Standard<\/td><td>\u20ac 290<\/td><td>\u20ac1563<\/td><td>\u20ac3132<\/td><\/tr><tr><td>Complet<\/td><td>\u20ac 440<\/td><td>\u20ac2508<\/td><td>\u20ac4752<\/td><\/tr><\/tbody><\/table><\/figure>\n\n\n\n<p><\/p>\n\n\n\n<div class=\"wp-block-columns is-layout-flex wp-container-core-columns-layout-2 wp-block-columns-is-layout-flex\">\n<div class=\"wp-block-column is-layout-flow wp-block-column-is-layout-flow\">\n<h2 class=\"wp-block-heading\">CONTACT<\/h2>\n\n\n\n<p><\/p>\n\n\n\n<p><\/p>\n\n\n\n<div class=\"wp-block-columns is-layout-flex wp-container-core-columns-layout-1 wp-block-columns-is-layout-flex\"><\/div>\n\n\n\n<p><\/p>\n\n\n\n<p><\/p>\n\n\n\n<p><\/p>\n<\/div>\n\n\n\n<div class=\"wp-block-column is-layout-flow wp-block-column-is-layout-flow\">\n<p>Tel: 0033 650 906 500<\/p>\n\n\n\n<p>WhatsApp: 0033 650 906 500<\/p>\n\n\n\n<p>info@equinepensions.com<\/p>\n\n\n\n<p><\/p>\n\n\n<\/div>\n<\/div>\n","protected":false},"excerpt":{"rendered":"<p>CHEZ NOUS Equine Pensions offre des pensions pour vos chevaux retrait\u00e9s et bless\u00e9s depuis 2009. Nous nous occupons de chevaux du monde entier, d&#8217;aussi loin que Duba\u00ef et Singapour. Chez nous, c est une ferme de retraite familiale o\u00f9 nous prenons soin des chevaux vieux et bless\u00e9s comme s&#8217;ils faisaient partie de notre famille. Nous<\/p>\n<p class=\"more-link\"><a href=\"https:\/\/equinepensions.com\/index.php\/francais-2\/\" class=\"themebutton\">Read More<\/a><\/p>\n","protected":false},"author":1,"featured_media":0,"parent":0,"menu_order":0,"comment_status":"closed","ping_status":"closed","template":"","meta":{"footnotes":""},"_links":{"self":[{"href":"https:\/\/equinepensions.com\/index.php\/wp-json\/wp\/v2\/pages\/109"}],"collection":[{"href":"https:\/\/equinepensions.com\/index.php\/wp-json\/wp\/v2\/pages"}],"about":[{"href":"https:\/\/equinepensions.com\/index.php\/wp-json\/wp\/v2\/types\/page"}],"author":[{"embeddable":true,"href":"https:\/\/equinepensions.com\/index.php\/wp-json\/wp\/v2\/users\/1"}],"replies":[{"embeddable":true,"href":"https:\/\/equinepensions.com\/index.php\/wp-json\/wp\/v2\/comments?post=109"}],"version-history":[{"count":8,"href":"https:\/\/equinepensions.com\/index.php\/wp-json\/wp\/v2\/pages\/109\/revisions"}],"predecessor-version":[{"id":320,"href":"https:\/\/equinepensions.com\/index.php\/wp-json\/wp\/v2\/pages\/109\/revisions\/320"}],"wp:attachment":[{"href":"https:\/\/equinepensions.com\/index.php\/wp-json\/wp\/v2\/media?parent=109"}],"curies":[{"name":"wp","href":"https:\/\/api.w.org\/{rel}","templated":true}]}}